{"id":620,"date":"2026-02-21T01:30:45","date_gmt":"2026-02-21T05:30:45","guid":{"rendered":"https:\/\/dev.luam.cl\/cycrecer2026\/?post_type=product&#038;p=620"},"modified":"2026-02-21T01:32:42","modified_gmt":"2026-02-21T05:32:42","slug":"tecnicas-de-buenas-practicas-de-manufactura-bpm-certificado","status":"publish","type":"product","link":"https:\/\/dev.luam.cl\/cycrecer2026\/producto\/tecnicas-de-buenas-practicas-de-manufactura-bpm-certificado\/","title":{"rendered":"T\u00e9cnicas de Buenas Pr\u00e1cticas de Manufactura, BPM [Certificado]"},"content":{"rendered":"<p>Certificado Oficial del curso T\u00e9cnicas de Buenas Pr\u00e1cticas de Manufactura, BPM.<\/p>\n","protected":false},"excerpt":{"rendered":"<p>Certificado Oficial del curso T\u00e9cnicas de Buenas Pr\u00e1cticas de Manufactura, BPM.<\/p>\n","protected":false},"featured_media":517,"comment_status":"open","ping_status":"closed","template":"","meta":{"_acf_changed":false},"product_brand":[],"product_cat":[24],"product_tag":[],"class_list":{"0":"post-620","1":"product","2":"type-product","3":"status-publish","4":"has-post-thumbnail","6":"product_cat-certificados","8":"first","9":"instock","10":"virtual","11":"sold-individually","12":"purchasable","13":"product-type-simple"},"acf":[],"_links":{"self":[{"href":"https:\/\/dev.luam.cl\/cycrecer2026\/wp-json\/wp\/v2\/product\/620","targetHints":{"allow":["GET"]}}],"collection":[{"href":"https:\/\/dev.luam.cl\/cycrecer2026\/wp-json\/wp\/v2\/product"}],"about":[{"href":"https:\/\/dev.luam.cl\/cycrecer2026\/wp-json\/wp\/v2\/types\/product"}],"replies":[{"embeddable":true,"href":"https:\/\/dev.luam.cl\/cycrecer2026\/wp-json\/wp\/v2\/comments?post=620"}],"wp:featuredmedia":[{"embeddable":true,"href":"https:\/\/dev.luam.cl\/cycrecer2026\/wp-json\/wp\/v2\/media\/517"}],"wp:attachment":[{"href":"https:\/\/dev.luam.cl\/cycrecer2026\/wp-json\/wp\/v2\/media?parent=620"}],"wp:term":[{"taxonomy":"product_brand","embeddable":true,"href":"https:\/\/dev.luam.cl\/cycrecer2026\/wp-json\/wp\/v2\/product_brand?post=620"},{"taxonomy":"product_cat","embeddable":true,"href":"https:\/\/dev.luam.cl\/cycrecer2026\/wp-json\/wp\/v2\/product_cat?post=620"},{"taxonomy":"product_tag","embeddable":true,"href":"https:\/\/dev.luam.cl\/cycrecer2026\/wp-json\/wp\/v2\/product_tag?post=620"}],"curies":[{"name":"wp","href":"https:\/\/api.w.org\/{rel}","templated":true}]}}